{"id":15,"date":"2025-10-10T15:13:42","date_gmt":"2025-10-10T15:13:42","guid":{"rendered":"https:\/\/sunchengxi.rkinformatika.online\/?page_id=15"},"modified":"2025-11-14T10:04:48","modified_gmt":"2025-11-14T10:04:48","slug":"inicio","status":"publish","type":"page","link":"https:\/\/sunchengxi.com\/en\/","title":{"rendered":"Start"},"content":{"rendered":"<div data-elementor-type=\"wp-page\" data-elementor-id=\"15\" class=\"elementor elementor-15\" data-elementor-post-type=\"page\">\n\t\t\t\t<div class=\"elementor-element elementor-element-06a8367 e-con-full e-flex e-con e-parent\" data-id=\"06a8367\" data-element_type=\"container\" data-e-type=\"container\" data-settings=\"{&quot;background_background&quot;:&quot;classic&quot;}\">\n\t\t\t\t<div class=\"elementor-element elementor-element-9c7f828 elementor-widget elementor-widget-heading\" data-id=\"9c7f828\" data-element_type=\"widget\" data-e-type=\"widget\" data-widget_type=\"heading.default\">\n\t\t\t\t\t<h2 class=\"elementor-heading-title elementor-size-default\">Sun Chengxi<\/h2>\t\t\t\t<\/div>\n\t\t\t\t<\/div>\n\t\t<div class=\"elementor-element elementor-element-fe2a422 e-flex e-con-boxed e-con e-parent\" data-id=\"fe2a422\" data-element_type=\"container\" data-e-type=\"container\" data-settings=\"{&quot;background_background&quot;:&quot;classic&quot;}\">\n\t\t\t\t\t<div class=\"e-con-inner\">\n\t\t<div class=\"elementor-element elementor-element-b967662 e-con-full e-flex e-con e-child\" data-id=\"b967662\" data-element_type=\"container\" data-e-type=\"container\">\n\t\t\t\t<div class=\"elementor-element elementor-element-467d0e0 elementor-widget elementor-widget-image\" data-id=\"467d0e0\" data-element_type=\"widget\" data-e-type=\"widget\" data-widget_type=\"image.default\">\n\t\t\t\t\t\t\t\t\t\t\t\t\t\t\t<img fetchpriority=\"high\" decoding=\"async\" width=\"800\" height=\"448\" src=\"https:\/\/sunchengxi.com\/wp-content\/uploads\/2025\/11\/28928-1024x574.jpg\" class=\"attachment-large size-large wp-image-134\" alt=\"\" srcset=\"https:\/\/sunchengxi.com\/wp-content\/uploads\/2025\/11\/28928-1024x574.jpg 1024w, https:\/\/sunchengxi.com\/wp-content\/uploads\/2025\/11\/28928-300x168.jpg 300w, https:\/\/sunchengxi.com\/wp-content\/uploads\/2025\/11\/28928-768x431.jpg 768w, https:\/\/sunchengxi.com\/wp-content\/uploads\/2025\/11\/28928-18x10.jpg 18w, https:\/\/sunchengxi.com\/wp-content\/uploads\/2025\/11\/28928.jpg 1500w\" sizes=\"(max-width: 800px) 100vw, 800px\" \/>\t\t\t\t\t\t\t\t\t\t\t\t\t\t\t<\/div>\n\t\t\t\t<\/div>\n\t\t<div class=\"elementor-element elementor-element-5eb4154 e-con-full e-flex e-con e-child\" data-id=\"5eb4154\" data-element_type=\"container\" data-e-type=\"container\">\n\t\t\t\t<div class=\"elementor-element elementor-element-285fd26 elementor-widget elementor-widget-heading\" data-id=\"285fd26\" data-element_type=\"widget\" data-e-type=\"widget\" data-widget_type=\"heading.default\">\n\t\t\t\t\t<h2 class=\"elementor-heading-title elementor-size-default\">About Us<\/h2>\t\t\t\t<\/div>\n\t\t\t\t<div class=\"elementor-element elementor-element-1f9c56d elementor-widget elementor-widget-text-editor\" data-id=\"1f9c56d\" data-element_type=\"widget\" data-e-type=\"widget\" data-widget_type=\"text-editor.default\">\n\t\t\t\t\t\t\t\t\t<p data-start=\"324\" data-end=\"633\">Your trusted one-stop shop where you'll find everything you need in one place. We offer a wide variety of products for the home, decor, gifts, stationery, tools, toys, kitchenware, and much more.<br data-start=\"527\" data-end=\"530\" \/>Our goal is to make your life easier with affordable prices, constant variety, and friendly service.<\/p>\t\t\t\t\t\t\t\t<\/div>\n\t\t\t\t<\/div>\n\t\t\t\t\t<\/div>\n\t\t\t\t<\/div>\n\t\t<div class=\"elementor-element elementor-element-9d502fd e-con-full e-flex e-con e-parent\" data-id=\"9d502fd\" data-element_type=\"container\" data-e-type=\"container\" data-settings=\"{&quot;background_background&quot;:&quot;classic&quot;}\">\n\t\t\t\t<div class=\"elementor-element elementor-element-61ff568 elementor-cta--skin-cover elementor-animated-content elementor-bg-transform elementor-bg-transform-zoom-in elementor-widget elementor-widget-call-to-action\" data-id=\"61ff568\" data-element_type=\"widget\" data-e-type=\"widget\" data-widget_type=\"call-to-action.default\">\n\t\t\t\t\t\t\t<div class=\"elementor-cta\">\n\t\t\t\t\t<div class=\"elementor-cta__bg-wrapper\">\n\t\t\t\t<div class=\"elementor-cta__bg elementor-bg\" style=\"background-image: url(https:\/\/sunchengxi.com\/wp-content\/uploads\/2025\/11\/37035-1024x683.jpg);\" role=\"img\" aria-label=\"37035\"><\/div>\n\t\t\t\t<div class=\"elementor-cta__bg-overlay\"><\/div>\n\t\t\t<\/div>\n\t\t\t\t\t\t\t<div class=\"elementor-cta__content\">\n\t\t\t\t\n\t\t\t\t\t\t\t\t\t<h2 class=\"elementor-cta__title elementor-cta__content-item elementor-content-item elementor-animated-item--grow\">\n\t\t\t\t\t\tWide assortment of products\t\t\t\t\t<\/h2>\n\t\t\t\t\n\t\t\t\t\t\t\t\t\t<div class=\"elementor-cta__description elementor-cta__content-item elementor-content-item elementor-animated-item--grow\">\n\t\t\t\t\t\tContinuous renewal of our catalog\t\t\t\t\t<\/div>\n\t\t\t\t\n\t\t\t\t\t\t\t\t\t<div class=\"elementor-cta__button-wrapper elementor-cta__content-item elementor-content-item elementor-animated-item--grow\">\n\t\t\t\t\t<a class=\"elementor-cta__button elementor-button elementor-size-\" href=\"https:\/\/sunchengxi.com\/en\/productos\/\">\n\t\t\t\t\t\tProducts\t\t\t\t\t<\/a>\n\t\t\t\t\t<\/div>\n\t\t\t\t\t\t\t<\/div>\n\t\t\t\t\t\t<\/div>\n\t\t\t\t\t\t<\/div>\n\t\t\t\t<\/div>\n\t\t\t\t<\/div>","protected":false},"excerpt":{"rendered":"<p>Sun Chengxi Sobre nosotros Tu bazar de confianza donde encuentras todo lo que necesitas en un solo lugar. Ofrecemos una amplia variedad de productos para el hogar, decoraci\u00f3n, art\u00edculos de regalo, papeler\u00eda, herramientas, juguetes, menaje y mucho m\u00e1s.Nuestro objetivo es hacerte la vida m\u00e1s f\u00e1cil con precios accesibles, variedad constante y un servicio cercano. Amplio [&hellip;]<\/p>\n","protected":false},"author":1,"featured_media":0,"parent":0,"menu_order":0,"comment_status":"closed","ping_status":"closed","template":"elementor_canvas","meta":{"footnotes":""},"class_list":["post-15","page","type-page","status-publish","hentry"],"yoast_head":"<!-- This site is optimized with the Yoast SEO plugin v27.3 - https:\/\/yoast.com\/product\/yoast-seo-wordpress\/ -->\n<title>Inicio - Sun Chengxi<\/title>\n<meta name=\"robots\" content=\"index, follow, max-snippet:-1, max-image-preview:large, max-video-preview:-1\" \/>\n<link rel=\"canonical\" href=\"https:\/\/sunchengxi.com\/en\/\" \/>\n<meta property=\"og:locale\" content=\"en_GB\" \/>\n<meta property=\"og:type\" content=\"article\" \/>\n<meta property=\"og:title\" content=\"Inicio - Sun Chengxi\" \/>\n<meta property=\"og:description\" content=\"Sun Chengxi Sobre nosotros Tu bazar de confianza donde encuentras todo lo que necesitas en un solo lugar. Ofrecemos una amplia variedad de productos para el hogar, decoraci\u00f3n, art\u00edculos de regalo, papeler\u00eda, herramientas, juguetes, menaje y mucho m\u00e1s.Nuestro objetivo es hacerte la vida m\u00e1s f\u00e1cil con precios accesibles, variedad constante y un servicio cercano. Amplio [&hellip;]\" \/>\n<meta property=\"og:url\" content=\"https:\/\/sunchengxi.com\/en\/\" \/>\n<meta property=\"og:site_name\" content=\"Sun Chengxi\" \/>\n<meta property=\"article:modified_time\" content=\"2025-11-14T10:04:48+00:00\" \/>\n<meta property=\"og:image\" content=\"https:\/\/sunchengxi.com\/wp-content\/uploads\/2025\/11\/28928.jpg\" \/>\n\t<meta property=\"og:image:width\" content=\"1500\" \/>\n\t<meta property=\"og:image:height\" content=\"841\" \/>\n\t<meta property=\"og:image:type\" content=\"image\/jpeg\" \/>\n<meta name=\"twitter:card\" content=\"summary_large_image\" \/>\n<meta name=\"twitter:label1\" content=\"Estimated reading time\" \/>\n\t<meta name=\"twitter:data1\" content=\"1 minute\" \/>\n<script type=\"application\/ld+json\" class=\"yoast-schema-graph\">{\"@context\":\"https:\\\/\\\/schema.org\",\"@graph\":[{\"@type\":\"WebPage\",\"@id\":\"https:\\\/\\\/sunchengxi.com\\\/\",\"url\":\"https:\\\/\\\/sunchengxi.com\\\/\",\"name\":\"Inicio - Sun Chengxi\",\"isPartOf\":{\"@id\":\"https:\\\/\\\/sunchengxi.com\\\/#website\"},\"primaryImageOfPage\":{\"@id\":\"https:\\\/\\\/sunchengxi.com\\\/#primaryimage\"},\"image\":{\"@id\":\"https:\\\/\\\/sunchengxi.com\\\/#primaryimage\"},\"thumbnailUrl\":\"https:\\\/\\\/sunchengxi.com\\\/wp-content\\\/uploads\\\/2025\\\/11\\\/28928-1024x574.jpg\",\"datePublished\":\"2025-10-10T15:13:42+00:00\",\"dateModified\":\"2025-11-14T10:04:48+00:00\",\"breadcrumb\":{\"@id\":\"https:\\\/\\\/sunchengxi.com\\\/#breadcrumb\"},\"inLanguage\":\"en-GB\",\"potentialAction\":[{\"@type\":\"ReadAction\",\"target\":[\"https:\\\/\\\/sunchengxi.com\\\/\"]}]},{\"@type\":\"ImageObject\",\"inLanguage\":\"en-GB\",\"@id\":\"https:\\\/\\\/sunchengxi.com\\\/#primaryimage\",\"url\":\"https:\\\/\\\/sunchengxi.com\\\/wp-content\\\/uploads\\\/2025\\\/11\\\/28928-1024x574.jpg\",\"contentUrl\":\"https:\\\/\\\/sunchengxi.com\\\/wp-content\\\/uploads\\\/2025\\\/11\\\/28928-1024x574.jpg\"},{\"@type\":\"BreadcrumbList\",\"@id\":\"https:\\\/\\\/sunchengxi.com\\\/#breadcrumb\",\"itemListElement\":[{\"@type\":\"ListItem\",\"position\":1,\"name\":\"Portada\",\"item\":\"https:\\\/\\\/sunchengxi.com\\\/\"},{\"@type\":\"ListItem\",\"position\":2,\"name\":\"Inicio\"}]},{\"@type\":\"WebSite\",\"@id\":\"https:\\\/\\\/sunchengxi.com\\\/#website\",\"url\":\"https:\\\/\\\/sunchengxi.com\\\/\",\"name\":\"Sun Chengxi\",\"description\":\"Bazar\",\"publisher\":{\"@id\":\"https:\\\/\\\/sunchengxi.com\\\/#organization\"},\"potentialAction\":[{\"@type\":\"SearchAction\",\"target\":{\"@type\":\"EntryPoint\",\"urlTemplate\":\"https:\\\/\\\/sunchengxi.com\\\/?s={search_term_string}\"},\"query-input\":{\"@type\":\"PropertyValueSpecification\",\"valueRequired\":true,\"valueName\":\"search_term_string\"}}],\"inLanguage\":\"en-GB\"},{\"@type\":\"Organization\",\"@id\":\"https:\\\/\\\/sunchengxi.com\\\/#organization\",\"name\":\"Sun Chengxi\",\"url\":\"https:\\\/\\\/sunchengxi.com\\\/\",\"logo\":{\"@type\":\"ImageObject\",\"inLanguage\":\"en-GB\",\"@id\":\"https:\\\/\\\/sunchengxi.com\\\/#\\\/schema\\\/logo\\\/image\\\/\",\"url\":\"https:\\\/\\\/sunchengxi.com\\\/wp-content\\\/uploads\\\/2025\\\/11\\\/cropped-sunchengxi.png\",\"contentUrl\":\"https:\\\/\\\/sunchengxi.com\\\/wp-content\\\/uploads\\\/2025\\\/11\\\/cropped-sunchengxi.png\",\"width\":446,\"height\":263,\"caption\":\"Sun Chengxi\"},\"image\":{\"@id\":\"https:\\\/\\\/sunchengxi.com\\\/#\\\/schema\\\/logo\\\/image\\\/\"}}]}<\/script>\n<!-- \/ Yoast SEO plugin. -->","yoast_head_json":{"title":"Inicio - Sun Chengxi","robots":{"index":"index","follow":"follow","max-snippet":"max-snippet:-1","max-image-preview":"max-image-preview:large","max-video-preview":"max-video-preview:-1"},"canonical":"https:\/\/sunchengxi.com\/en\/","og_locale":"en_GB","og_type":"article","og_title":"Inicio - Sun Chengxi","og_description":"Sun Chengxi Sobre nosotros Tu bazar de confianza donde encuentras todo lo que necesitas en un solo lugar. Ofrecemos una amplia variedad de productos para el hogar, decoraci\u00f3n, art\u00edculos de regalo, papeler\u00eda, herramientas, juguetes, menaje y mucho m\u00e1s.Nuestro objetivo es hacerte la vida m\u00e1s f\u00e1cil con precios accesibles, variedad constante y un servicio cercano. Amplio [&hellip;]","og_url":"https:\/\/sunchengxi.com\/en\/","og_site_name":"Sun Chengxi","article_modified_time":"2025-11-14T10:04:48+00:00","og_image":[{"width":1500,"height":841,"url":"https:\/\/sunchengxi.com\/wp-content\/uploads\/2025\/11\/28928.jpg","type":"image\/jpeg"}],"twitter_card":"summary_large_image","twitter_misc":{"Estimated reading time":"1 minute"},"schema":{"@context":"https:\/\/schema.org","@graph":[{"@type":"WebPage","@id":"https:\/\/sunchengxi.com\/","url":"https:\/\/sunchengxi.com\/","name":"Inicio - Sun Chengxi","isPartOf":{"@id":"https:\/\/sunchengxi.com\/#website"},"primaryImageOfPage":{"@id":"https:\/\/sunchengxi.com\/#primaryimage"},"image":{"@id":"https:\/\/sunchengxi.com\/#primaryimage"},"thumbnailUrl":"https:\/\/sunchengxi.com\/wp-content\/uploads\/2025\/11\/28928-1024x574.jpg","datePublished":"2025-10-10T15:13:42+00:00","dateModified":"2025-11-14T10:04:48+00:00","breadcrumb":{"@id":"https:\/\/sunchengxi.com\/#breadcrumb"},"inLanguage":"en-GB","potentialAction":[{"@type":"ReadAction","target":["https:\/\/sunchengxi.com\/"]}]},{"@type":"ImageObject","inLanguage":"en-GB","@id":"https:\/\/sunchengxi.com\/#primaryimage","url":"https:\/\/sunchengxi.com\/wp-content\/uploads\/2025\/11\/28928-1024x574.jpg","contentUrl":"https:\/\/sunchengxi.com\/wp-content\/uploads\/2025\/11\/28928-1024x574.jpg"},{"@type":"BreadcrumbList","@id":"https:\/\/sunchengxi.com\/#breadcrumb","itemListElement":[{"@type":"ListItem","position":1,"name":"Portada","item":"https:\/\/sunchengxi.com\/"},{"@type":"ListItem","position":2,"name":"Inicio"}]},{"@type":"WebSite","@id":"https:\/\/sunchengxi.com\/#website","url":"https:\/\/sunchengxi.com\/","name":"Sun Chengxi","description":"Bazar","publisher":{"@id":"https:\/\/sunchengxi.com\/#organization"},"potentialAction":[{"@type":"SearchAction","target":{"@type":"EntryPoint","urlTemplate":"https:\/\/sunchengxi.com\/?s={search_term_string}"},"query-input":{"@type":"PropertyValueSpecification","valueRequired":true,"valueName":"search_term_string"}}],"inLanguage":"en-GB"},{"@type":"Organization","@id":"https:\/\/sunchengxi.com\/#organization","name":"Sun Chengxi","url":"https:\/\/sunchengxi.com\/","logo":{"@type":"ImageObject","inLanguage":"en-GB","@id":"https:\/\/sunchengxi.com\/#\/schema\/logo\/image\/","url":"https:\/\/sunchengxi.com\/wp-content\/uploads\/2025\/11\/cropped-sunchengxi.png","contentUrl":"https:\/\/sunchengxi.com\/wp-content\/uploads\/2025\/11\/cropped-sunchengxi.png","width":446,"height":263,"caption":"Sun Chengxi"},"image":{"@id":"https:\/\/sunchengxi.com\/#\/schema\/logo\/image\/"}}]}},"_links":{"self":[{"href":"https:\/\/sunchengxi.com\/en\/wp-json\/wp\/v2\/pages\/15","targetHints":{"allow":["GET"]}}],"collection":[{"href":"https:\/\/sunchengxi.com\/en\/wp-json\/wp\/v2\/pages"}],"about":[{"href":"https:\/\/sunchengxi.com\/en\/wp-json\/wp\/v2\/types\/page"}],"author":[{"embeddable":true,"href":"https:\/\/sunchengxi.com\/en\/wp-json\/wp\/v2\/users\/1"}],"replies":[{"embeddable":true,"href":"https:\/\/sunchengxi.com\/en\/wp-json\/wp\/v2\/comments?post=15"}],"version-history":[{"count":29,"href":"https:\/\/sunchengxi.com\/en\/wp-json\/wp\/v2\/pages\/15\/revisions"}],"predecessor-version":[{"id":191,"href":"https:\/\/sunchengxi.com\/en\/wp-json\/wp\/v2\/pages\/15\/revisions\/191"}],"wp:attachment":[{"href":"https:\/\/sunchengxi.com\/en\/wp-json\/wp\/v2\/media?parent=15"}],"curies":[{"name":"wp","href":"https:\/\/api.w.org\/{rel}","templated":true}]}}